{"id":2445,"date":"2021-05-05T11:37:43","date_gmt":"2021-05-05T11:37:43","guid":{"rendered":"https:\/\/hugostay.com\/?page_id=2445"},"modified":"2026-03-06T09:09:57","modified_gmt":"2026-03-06T09:09:57","slug":"home","status":"publish","type":"page","link":"https:\/\/hugostay.com\/et\/","title":{"rendered":"Home"},"content":{"rendered":"","protected":false},"excerpt":{"rendered":"","protected":false},"author":5,"featured_media":0,"parent":0,"menu_order":0,"comment_status":"closed","ping_status":"closed","template":"index.php","meta":{"_acf_changed":false,"footnotes":""},"class_list":["post-2445","page","type-page","status-publish","hentry"],"acf":[],"yoast_head":"<!-- This site is optimized with the Yoast SEO plugin v25.7 - https:\/\/yoast.com\/wordpress\/plugins\/seo\/ -->\n<title>Hugo.Stay Tartu - Innovaatiline majutus linna s\u00fcdames<\/title>\n<meta name=\"description\" content=\"Hugo.Stay pakub funktsionaalseid mikrokortereid Tartu s\u00fcdames. Minimalistlik disain, nutikad lahendused. Sobib l\u00fchi- ja pikaajaliseks \u00fc\u00fcriks. Broneeri kohe!\" \/>\n<meta name=\"robots\" content=\"index, follow, max-snippet:-1, max-image-preview:large, max-video-preview:-1\" \/>\n<link rel=\"canonical\" href=\"https:\/\/hugostay.com\/et\/\" \/>\n<meta property=\"og:locale\" content=\"et_EE\" \/>\n<meta property=\"og:type\" content=\"article\" \/>\n<meta property=\"og:title\" content=\"Hugo.Stay Tartu - Innovaatiline majutus linna s\u00fcdames\" \/>\n<meta property=\"og:description\" content=\"Hugo.Stay pakub funktsionaalseid mikrokortereid Tartu s\u00fcdames. Minimalistlik disain, nutikad lahendused. Sobib l\u00fchi- ja pikaajaliseks \u00fc\u00fcriks. Broneeri kohe!\" \/>\n<meta property=\"og:url\" content=\"https:\/\/hugostay.com\/et\/\" \/>\n<meta property=\"og:site_name\" content=\"Hugostay\" \/>\n<meta property=\"article:publisher\" content=\"https:\/\/www.facebook.com\/p\/HugoStay-100063705932295\/\" \/>\n<meta property=\"article:modified_time\" content=\"2026-03-06T09:09:57+00:00\" \/>\n<meta name=\"twitter:card\" content=\"summary_large_image\" \/>\n<script type=\"application\/ld+json\" class=\"yoast-schema-graph\">{\"@context\":\"https:\/\/schema.org\",\"@graph\":[{\"@type\":\"WebPage\",\"@id\":\"https:\/\/hugostay.com\/et\/\",\"url\":\"https:\/\/hugostay.com\/et\/\",\"name\":\"Hugo.Stay Tartu - Innovaatiline majutus linna s\u00fcdames\",\"isPartOf\":{\"@id\":\"https:\/\/hugostay.com\/#website\"},\"datePublished\":\"2021-05-05T11:37:43+00:00\",\"dateModified\":\"2026-03-06T09:09:57+00:00\",\"description\":\"Hugo.Stay pakub funktsionaalseid mikrokortereid Tartu s\u00fcdames. Minimalistlik disain, nutikad lahendused. Sobib l\u00fchi- ja pikaajaliseks \u00fc\u00fcriks. Broneeri kohe!\",\"breadcrumb\":{\"@id\":\"https:\/\/hugostay.com\/et\/#breadcrumb\"},\"inLanguage\":\"et\",\"potentialAction\":[{\"@type\":\"ReadAction\",\"target\":[\"https:\/\/hugostay.com\/et\/\"]}]},{\"@type\":\"BreadcrumbList\",\"@id\":\"https:\/\/hugostay.com\/et\/#breadcrumb\",\"itemListElement\":[{\"@type\":\"ListItem\",\"position\":1,\"name\":\"Home\",\"item\":\"https:\/\/hugostay.com\/et\/\"},{\"@type\":\"ListItem\",\"position\":2,\"name\":\"Home\"}]},{\"@type\":\"WebSite\",\"@id\":\"https:\/\/hugostay.com\/#website\",\"url\":\"https:\/\/hugostay.com\/\",\"name\":\"Hugo.Stay\",\"description\":\"Smart microapartments in the heart of Tartu, Estonia. Modern, hassle-free accommodation for short-term and long-term stays.\",\"publisher\":{\"@id\":\"https:\/\/hugostay.com\/#organization\"},\"inLanguage\":[\"en\",\"et\"],\"potentialAction\":{\"@type\":\"SearchAction\",\"target\":{\"@type\":\"EntryPoint\",\"urlTemplate\":\"https:\/\/hugostay.com\/?s={search_term_string}\"},\"query-input\":\"required name=search_term_string\"}},{\"@type\":\"Organization\",\"@id\":\"https:\/\/hugostay.com\/#organization\",\"name\":\"Raatuse 23 O\u00dc\",\"legalName\":\"Raatuse 23 O\u00dc\",\"url\":\"https:\/\/hugostay.com\/\",\"logo\":{\"@type\":\"ImageObject\",\"url\":\"https:\/\/hugostay.com\/wp-content\/themes\/hugostay\/img\/hugostay_logo_main_1.png\",\"width\":200,\"height\":60},\"vatID\":\"EE102109168\",\"taxID\":\"14592369\",\"contactPoint\":[{\"@type\":\"ContactPoint\",\"telephone\":\"+372-5696-6959\",\"contactType\":\"reservations\",\"description\":\"Short-term rental inquiries\",\"availableLanguage\":[\"Estonian\",\"English\"],\"hoursAvailable\":{\"@type\":\"OpeningHoursSpecification\",\"dayOfWeek\":[\"Monday\",\"Tuesday\",\"Wednesday\",\"Thursday\",\"Friday\"],\"opens\":\"09:00\",\"closes\":\"17:00\"}},{\"@type\":\"ContactPoint\",\"telephone\":\"+372-5626-6406\",\"contactType\":\"reservations\",\"description\":\"Long-term rental inquiries\",\"availableLanguage\":[\"Estonian\",\"English\"],\"hoursAvailable\":{\"@type\":\"OpeningHoursSpecification\",\"dayOfWeek\":[\"Monday\",\"Tuesday\",\"Wednesday\",\"Thursday\",\"Friday\"],\"opens\":\"09:00\",\"closes\":\"17:00\"}},{\"@type\":\"ContactPoint\",\"email\":\"hello@hugostay.com\",\"contactType\":\"customer service\",\"availableLanguage\":[\"Estonian\",\"English\"]}],\"sameAs\":[\"https:\/\/www.facebook.com\/HugoStay-113731203503280\",\"https:\/\/www.instagram.com\/hugo_stay\/\"],\"address\":{\"@type\":\"PostalAddress\",\"streetAddress\":\"Raatuse 23\",\"addressLocality\":\"Tartu\",\"postalCode\":\"50603\",\"addressCountry\":\"EE\"}}]}<\/script>\n<!-- \/ Yoast SEO plugin. -->","yoast_head_json":{"title":"Hugo.Stay Tartu - Innovaatiline majutus linna s\u00fcdames","description":"Hugo.Stay pakub funktsionaalseid mikrokortereid Tartu s\u00fcdames. Minimalistlik disain, nutikad lahendused. Sobib l\u00fchi- ja pikaajaliseks \u00fc\u00fcriks. Broneeri kohe!","robots":{"index":"index","follow":"follow","max-snippet":"max-snippet:-1","max-image-preview":"max-image-preview:large","max-video-preview":"max-video-preview:-1"},"canonical":"https:\/\/hugostay.com\/et\/","og_locale":"et_EE","og_type":"article","og_title":"Hugo.Stay Tartu - Innovaatiline majutus linna s\u00fcdames","og_description":"Hugo.Stay pakub funktsionaalseid mikrokortereid Tartu s\u00fcdames. Minimalistlik disain, nutikad lahendused. Sobib l\u00fchi- ja pikaajaliseks \u00fc\u00fcriks. Broneeri kohe!","og_url":"https:\/\/hugostay.com\/et\/","og_site_name":"Hugostay","article_publisher":"https:\/\/www.facebook.com\/p\/HugoStay-100063705932295\/","article_modified_time":"2026-03-06T09:09:57+00:00","twitter_card":"summary_large_image","schema":{"@context":"https:\/\/schema.org","@graph":[{"@type":"WebPage","@id":"https:\/\/hugostay.com\/et\/","url":"https:\/\/hugostay.com\/et\/","name":"Hugo.Stay Tartu - Innovaatiline majutus linna s\u00fcdames","isPartOf":{"@id":"https:\/\/hugostay.com\/#website"},"datePublished":"2021-05-05T11:37:43+00:00","dateModified":"2026-03-06T09:09:57+00:00","description":"Hugo.Stay pakub funktsionaalseid mikrokortereid Tartu s\u00fcdames. Minimalistlik disain, nutikad lahendused. Sobib l\u00fchi- ja pikaajaliseks \u00fc\u00fcriks. Broneeri kohe!","breadcrumb":{"@id":"https:\/\/hugostay.com\/et\/#breadcrumb"},"inLanguage":"et","potentialAction":[{"@type":"ReadAction","target":["https:\/\/hugostay.com\/et\/"]}]},{"@type":"BreadcrumbList","@id":"https:\/\/hugostay.com\/et\/#breadcrumb","itemListElement":[{"@type":"ListItem","position":1,"name":"Home","item":"https:\/\/hugostay.com\/et\/"},{"@type":"ListItem","position":2,"name":"Home"}]},{"@type":"WebSite","@id":"https:\/\/hugostay.com\/#website","url":"https:\/\/hugostay.com\/","name":"Hugo.Stay","description":"Smart microapartments in the heart of Tartu, Estonia. Modern, hassle-free accommodation for short-term and long-term stays.","publisher":{"@id":"https:\/\/hugostay.com\/#organization"},"inLanguage":["en","et"],"potentialAction":{"@type":"SearchAction","target":{"@type":"EntryPoint","urlTemplate":"https:\/\/hugostay.com\/?s={search_term_string}"},"query-input":"required name=search_term_string"}},{"@type":"Organization","@id":"https:\/\/hugostay.com\/#organization","name":"Raatuse 23 O\u00dc","legalName":"Raatuse 23 O\u00dc","url":"https:\/\/hugostay.com\/","logo":{"@type":"ImageObject","url":"https:\/\/hugostay.com\/wp-content\/themes\/hugostay\/img\/hugostay_logo_main_1.png","width":200,"height":60},"vatID":"EE102109168","taxID":"14592369","contactPoint":[{"@type":"ContactPoint","telephone":"+372-5696-6959","contactType":"reservations","description":"Short-term rental inquiries","availableLanguage":["Estonian","English"],"hoursAvailable":{"@type":"OpeningHoursSpecification","dayOfWeek":["Monday","Tuesday","Wednesday","Thursday","Friday"],"opens":"09:00","closes":"17:00"}},{"@type":"ContactPoint","telephone":"+372-5626-6406","contactType":"reservations","description":"Long-term rental inquiries","availableLanguage":["Estonian","English"],"hoursAvailable":{"@type":"OpeningHoursSpecification","dayOfWeek":["Monday","Tuesday","Wednesday","Thursday","Friday"],"opens":"09:00","closes":"17:00"}},{"@type":"ContactPoint","email":"hello@hugostay.com","contactType":"customer service","availableLanguage":["Estonian","English"]}],"sameAs":["https:\/\/www.facebook.com\/HugoStay-113731203503280","https:\/\/www.instagram.com\/hugo_stay\/"],"address":{"@type":"PostalAddress","streetAddress":"Raatuse 23","addressLocality":"Tartu","postalCode":"50603","addressCountry":"EE"}}]}},"_links":{"self":[{"href":"https:\/\/hugostay.com\/et\/wp-json\/wp\/v2\/pages\/2445","targetHints":{"allow":["GET"]}}],"collection":[{"href":"https:\/\/hugostay.com\/et\/wp-json\/wp\/v2\/pages"}],"about":[{"href":"https:\/\/hugostay.com\/et\/wp-json\/wp\/v2\/types\/page"}],"author":[{"embeddable":true,"href":"https:\/\/hugostay.com\/et\/wp-json\/wp\/v2\/users\/5"}],"replies":[{"embeddable":true,"href":"https:\/\/hugostay.com\/et\/wp-json\/wp\/v2\/comments?post=2445"}],"version-history":[{"count":5,"href":"https:\/\/hugostay.com\/et\/wp-json\/wp\/v2\/pages\/2445\/revisions"}],"predecessor-version":[{"id":6892,"href":"https:\/\/hugostay.com\/et\/wp-json\/wp\/v2\/pages\/2445\/revisions\/6892"}],"wp:attachment":[{"href":"https:\/\/hugostay.com\/et\/wp-json\/wp\/v2\/media?parent=2445"}],"curies":[{"name":"wp","href":"https:\/\/api.w.org\/{rel}","templated":true}]}}