{"id":5987,"date":"2025-01-28T10:43:56","date_gmt":"2025-01-28T10:43:56","guid":{"rendered":"https:\/\/hugostay.com\/?page_id=5987"},"modified":"2025-12-31T09:28:44","modified_gmt":"2025-12-31T09:28:44","slug":"hugo-meet","status":"publish","type":"page","link":"https:\/\/hugostay.com\/et\/hugo-meet\/","title":{"rendered":"Hugo.Meet"},"content":{"rendered":"","protected":false},"excerpt":{"rendered":"","protected":false},"author":8,"featured_media":0,"parent":0,"menu_order":0,"comment_status":"closed","ping_status":"closed","template":"","meta":{"_acf_changed":false,"footnotes":""},"class_list":["post-5987","page","type-page","status-publish","hentry"],"acf":[],"yoast_head":"<!-- This site is optimized with the Yoast SEO plugin v25.7 - https:\/\/yoast.com\/wordpress\/plugins\/seo\/ -->\n<title>Kohtumisruum Hugo.Meet - Hugo.stay Tartu Kesklinn<\/title>\n<meta name=\"description\" content=\"Hugo.Meet kohtumisruum Tartus - hubane ruum \u00e4rikohtumisteks ja s\u00fcndmusteks. Sushi men\u00fc\u00fc, kontaktivaba ligip\u00e4\u00e4s, terrass. Broneeri kohe!\" \/>\n<meta name=\"robots\" content=\"index, follow, max-snippet:-1, max-image-preview:large, max-video-preview:-1\" \/>\n<link rel=\"canonical\" href=\"https:\/\/hugostay.com\/et\/hugo-meet\/\" \/>\n<meta property=\"og:locale\" content=\"et_EE\" \/>\n<meta property=\"og:type\" content=\"article\" \/>\n<meta property=\"og:title\" content=\"Kohtumisruum Hugo.Meet - Hugo.stay Tartu Kesklinn\" \/>\n<meta property=\"og:description\" content=\"Hugo.Meet kohtumisruum Tartus - hubane ruum \u00e4rikohtumisteks ja s\u00fcndmusteks. Sushi men\u00fc\u00fc, kontaktivaba ligip\u00e4\u00e4s, terrass. Broneeri kohe!\" \/>\n<meta property=\"og:url\" content=\"https:\/\/hugostay.com\/et\/hugo-meet\/\" \/>\n<meta property=\"og:site_name\" content=\"Hugostay\" \/>\n<meta property=\"article:publisher\" content=\"https:\/\/www.facebook.com\/p\/HugoStay-100063705932295\/\" \/>\n<meta property=\"article:modified_time\" content=\"2025-12-31T09:28:44+00:00\" \/>\n<meta name=\"twitter:card\" content=\"summary_large_image\" \/>\n<script type=\"application\/ld+json\" class=\"yoast-schema-graph\">{\"@context\":\"https:\/\/schema.org\",\"@graph\":[{\"@type\":\"WebPage\",\"@id\":\"https:\/\/hugostay.com\/et\/hugo-meet\/\",\"url\":\"https:\/\/hugostay.com\/et\/hugo-meet\/\",\"name\":\"Kohtumisruum Hugo.Meet - Hugo.stay Tartu Kesklinn\",\"isPartOf\":{\"@id\":\"https:\/\/hugostay.com\/et\/#website\"},\"datePublished\":\"2025-01-28T10:43:56+00:00\",\"dateModified\":\"2025-12-31T09:28:44+00:00\",\"description\":\"Hugo.Meet kohtumisruum Tartus - hubane ruum \u00e4rikohtumisteks ja s\u00fcndmusteks. Sushi men\u00fc\u00fc, kontaktivaba ligip\u00e4\u00e4s, terrass. Broneeri kohe!\",\"breadcrumb\":{\"@id\":\"https:\/\/hugostay.com\/et\/hugo-meet\/#breadcrumb\"},\"inLanguage\":\"et\",\"potentialAction\":[{\"@type\":\"ReadAction\",\"target\":[\"https:\/\/hugostay.com\/et\/hugo-meet\/\"]}]},{\"@type\":\"BreadcrumbList\",\"@id\":\"https:\/\/hugostay.com\/et\/hugo-meet\/#breadcrumb\",\"itemListElement\":[{\"@type\":\"ListItem\",\"position\":1,\"name\":\"Home\",\"item\":\"https:\/\/hugostay.com\/et\/\"},{\"@type\":\"ListItem\",\"position\":2,\"name\":\"Hugo.Meet\"}]},{\"@type\":\"WebSite\",\"@id\":\"https:\/\/hugostay.com\/et\/#website\",\"url\":\"https:\/\/hugostay.com\/et\/\",\"name\":\"Hugostay\",\"description\":\"\",\"publisher\":{\"@id\":\"https:\/\/hugostay.com\/et\/#organization\"},\"potentialAction\":[{\"@type\":\"SearchAction\",\"target\":{\"@type\":\"EntryPoint\",\"urlTemplate\":\"https:\/\/hugostay.com\/et\/?s={search_term_string}\"},\"query-input\":{\"@type\":\"PropertyValueSpecification\",\"valueRequired\":true,\"valueName\":\"search_term_string\"}}],\"inLanguage\":\"et\"},{\"@type\":\"Organization\",\"@id\":\"https:\/\/hugostay.com\/et\/#organization\",\"name\":\"Hugostay\",\"url\":\"https:\/\/hugostay.com\/et\/\",\"logo\":{\"@type\":\"ImageObject\",\"inLanguage\":\"et\",\"@id\":\"https:\/\/hugostay.com\/et\/#\/schema\/logo\/image\/\",\"url\":\"https:\/\/hugostay.com\/wp-content\/uploads\/2021\/06\/cropped-imageedit_48_7779254105.png\",\"contentUrl\":\"https:\/\/hugostay.com\/wp-content\/uploads\/2021\/06\/cropped-imageedit_48_7779254105.png\",\"width\":512,\"height\":512,\"caption\":\"Hugostay\"},\"image\":{\"@id\":\"https:\/\/hugostay.com\/et\/#\/schema\/logo\/image\/\"},\"sameAs\":[\"https:\/\/www.facebook.com\/p\/HugoStay-100063705932295\/\",\"https:\/\/www.instagram.com\/hugo_stay\/\"]}]}<\/script>\n<!-- \/ Yoast SEO plugin. -->","yoast_head_json":{"title":"Kohtumisruum Hugo.Meet - Hugo.stay Tartu Kesklinn","description":"Hugo.Meet kohtumisruum Tartus - hubane ruum \u00e4rikohtumisteks ja s\u00fcndmusteks. Sushi men\u00fc\u00fc, kontaktivaba ligip\u00e4\u00e4s, terrass. Broneeri kohe!","robots":{"index":"index","follow":"follow","max-snippet":"max-snippet:-1","max-image-preview":"max-image-preview:large","max-video-preview":"max-video-preview:-1"},"canonical":"https:\/\/hugostay.com\/et\/hugo-meet\/","og_locale":"et_EE","og_type":"article","og_title":"Kohtumisruum Hugo.Meet - Hugo.stay Tartu Kesklinn","og_description":"Hugo.Meet kohtumisruum Tartus - hubane ruum \u00e4rikohtumisteks ja s\u00fcndmusteks. Sushi men\u00fc\u00fc, kontaktivaba ligip\u00e4\u00e4s, terrass. Broneeri kohe!","og_url":"https:\/\/hugostay.com\/et\/hugo-meet\/","og_site_name":"Hugostay","article_publisher":"https:\/\/www.facebook.com\/p\/HugoStay-100063705932295\/","article_modified_time":"2025-12-31T09:28:44+00:00","twitter_card":"summary_large_image","schema":{"@context":"https:\/\/schema.org","@graph":[{"@type":"WebPage","@id":"https:\/\/hugostay.com\/et\/hugo-meet\/","url":"https:\/\/hugostay.com\/et\/hugo-meet\/","name":"Kohtumisruum Hugo.Meet - Hugo.stay Tartu Kesklinn","isPartOf":{"@id":"https:\/\/hugostay.com\/et\/#website"},"datePublished":"2025-01-28T10:43:56+00:00","dateModified":"2025-12-31T09:28:44+00:00","description":"Hugo.Meet kohtumisruum Tartus - hubane ruum \u00e4rikohtumisteks ja s\u00fcndmusteks. Sushi men\u00fc\u00fc, kontaktivaba ligip\u00e4\u00e4s, terrass. Broneeri kohe!","breadcrumb":{"@id":"https:\/\/hugostay.com\/et\/hugo-meet\/#breadcrumb"},"inLanguage":"et","potentialAction":[{"@type":"ReadAction","target":["https:\/\/hugostay.com\/et\/hugo-meet\/"]}]},{"@type":"BreadcrumbList","@id":"https:\/\/hugostay.com\/et\/hugo-meet\/#breadcrumb","itemListElement":[{"@type":"ListItem","position":1,"name":"Home","item":"https:\/\/hugostay.com\/et\/"},{"@type":"ListItem","position":2,"name":"Hugo.Meet"}]},{"@type":"WebSite","@id":"https:\/\/hugostay.com\/et\/#website","url":"https:\/\/hugostay.com\/et\/","name":"Hugostay","description":"","publisher":{"@id":"https:\/\/hugostay.com\/et\/#organization"},"potentialAction":[{"@type":"SearchAction","target":{"@type":"EntryPoint","urlTemplate":"https:\/\/hugostay.com\/et\/?s={search_term_string}"},"query-input":{"@type":"PropertyValueSpecification","valueRequired":true,"valueName":"search_term_string"}}],"inLanguage":"et"},{"@type":"Organization","@id":"https:\/\/hugostay.com\/et\/#organization","name":"Hugostay","url":"https:\/\/hugostay.com\/et\/","logo":{"@type":"ImageObject","inLanguage":"et","@id":"https:\/\/hugostay.com\/et\/#\/schema\/logo\/image\/","url":"https:\/\/hugostay.com\/wp-content\/uploads\/2021\/06\/cropped-imageedit_48_7779254105.png","contentUrl":"https:\/\/hugostay.com\/wp-content\/uploads\/2021\/06\/cropped-imageedit_48_7779254105.png","width":512,"height":512,"caption":"Hugostay"},"image":{"@id":"https:\/\/hugostay.com\/et\/#\/schema\/logo\/image\/"},"sameAs":["https:\/\/www.facebook.com\/p\/HugoStay-100063705932295\/","https:\/\/www.instagram.com\/hugo_stay\/"]}]}},"_links":{"self":[{"href":"https:\/\/hugostay.com\/et\/wp-json\/wp\/v2\/pages\/5987","targetHints":{"allow":["GET"]}}],"collection":[{"href":"https:\/\/hugostay.com\/et\/wp-json\/wp\/v2\/pages"}],"about":[{"href":"https:\/\/hugostay.com\/et\/wp-json\/wp\/v2\/types\/page"}],"author":[{"embeddable":true,"href":"https:\/\/hugostay.com\/et\/wp-json\/wp\/v2\/users\/8"}],"replies":[{"embeddable":true,"href":"https:\/\/hugostay.com\/et\/wp-json\/wp\/v2\/comments?post=5987"}],"version-history":[{"count":5,"href":"https:\/\/hugostay.com\/et\/wp-json\/wp\/v2\/pages\/5987\/revisions"}],"predecessor-version":[{"id":6846,"href":"https:\/\/hugostay.com\/et\/wp-json\/wp\/v2\/pages\/5987\/revisions\/6846"}],"wp:attachment":[{"href":"https:\/\/hugostay.com\/et\/wp-json\/wp\/v2\/media?parent=5987"}],"curies":[{"name":"wp","href":"https:\/\/api.w.org\/{rel}","templated":true}]}}